{"id":636,"date":"2024-07-09T00:18:01","date_gmt":"2024-07-09T00:18:01","guid":{"rendered":"https:\/\/eightyeightmedia.tv\/?page_id=636"},"modified":"2024-08-29T12:03:02","modified_gmt":"2024-08-29T12:03:02","slug":"about","status":"publish","type":"page","link":"https:\/\/eightyeightmedia.tv\/es\/about\/","title":{"rendered":"Welcome to EightyEight!"},"content":{"rendered":"<div style=\"height:40px\" aria-hidden=\"true\" class=\"wp-block-spacer space-mobile\"><\/div>\n\n\n\n<div class=\"wp-block-hervin-gutenberg-container\" style=\"background-color:transparent;text-align:left\">\n<p>Somos una productora Full Service que crea, produce, post produce y distribuye contenido internacional. <\/p>\n\n\n\n<div style=\"height:50px\" aria-hidden=\"true\" class=\"wp-block-spacer\"><\/div>\n\n\n\n<p>Creemos que el contenido es el aspecto m\u00e1s importante de una marca y nos encanta trabajar en ideas que ayuden a los clientes a dejar un recuerdo en la memoria de las personas.<\/p>\n\n\n\n<div style=\"height:50px\" aria-hidden=\"true\" class=\"wp-block-spacer\"><\/div>\n\n\n\n<p><\/p>\n\n\n\n<p>Con una amplia experiencia en diversos medios de comunicaci\u00f3n en la industria del entretenimiento, gestionamos el proceso creativo completo, desde la pre-producci\u00f3n y filmaci\u00f3n hasta la edici\u00f3n y distribuci\u00f3n en m\u00faltiples formatos. Tambi\u00e9n proponemos estrategias globales que incluyen soluciones de comunicaci\u00f3n y marketing cuando es necesario.<\/p>\n\n\n\n<p>Conocemos el negocio a fondo y estamos acostumbrados a trabajar con grandes cadenas de televisi\u00f3n, marcas, gobiernos e instituciones, como Discovery Channel, Chivas Regal, NBC Universal, Time Magazine, Canal ARTE, Pantene y Tequila Cuervo, entre muchos otros.<\/p>\n<\/div>","protected":false},"excerpt":{"rendered":"","protected":false},"author":3,"featured_media":0,"parent":0,"menu_order":0,"comment_status":"closed","ping_status":"closed","template":"","meta":{"inline_featured_image":false,"footnotes":""},"class_list":["post-636","page","type-page","status-publish","hentry"],"_links":{"self":[{"href":"https:\/\/eightyeightmedia.tv\/es\/wp-json\/wp\/v2\/pages\/636","targetHints":{"allow":["GET"]}}],"collection":[{"href":"https:\/\/eightyeightmedia.tv\/es\/wp-json\/wp\/v2\/pages"}],"about":[{"href":"https:\/\/eightyeightmedia.tv\/es\/wp-json\/wp\/v2\/types\/page"}],"author":[{"embeddable":true,"href":"https:\/\/eightyeightmedia.tv\/es\/wp-json\/wp\/v2\/users\/3"}],"replies":[{"embeddable":true,"href":"https:\/\/eightyeightmedia.tv\/es\/wp-json\/wp\/v2\/comments?post=636"}],"version-history":[{"count":23,"href":"https:\/\/eightyeightmedia.tv\/es\/wp-json\/wp\/v2\/pages\/636\/revisions"}],"predecessor-version":[{"id":1260,"href":"https:\/\/eightyeightmedia.tv\/es\/wp-json\/wp\/v2\/pages\/636\/revisions\/1260"}],"wp:attachment":[{"href":"https:\/\/eightyeightmedia.tv\/es\/wp-json\/wp\/v2\/media?parent=636"}],"curies":[{"name":"wp","href":"https:\/\/api.w.org\/{rel}","templated":true}]}}